{"id":103,"date":"2021-09-22T15:46:05","date_gmt":"2021-09-22T15:46:05","guid":{"rendered":"http:\/\/www.todotequila.mx\/?page_id=103"},"modified":"2021-09-30T15:58:31","modified_gmt":"2021-09-30T15:58:31","slug":"categorias","status":"publish","type":"page","link":"http:\/\/www.todotequila.mx\/index.php\/categorias\/","title":{"rendered":"categor\u00edas"},"content":{"rendered":"\t\t<div data-elementor-type=\"wp-page\" data-elementor-id=\"103\" class=\"elementor elementor-103\" data-elementor-settings=\"[]\">\n\t\t\t\t\t\t\t<div class=\"elementor-section-wrap\">\n\t\t\t\t\t\t\t<section class=\"elementor-section elementor-top-section elementor-element elementor-element-6eef0f9b elementor-section-boxed elementor-section-height-default elementor-section-height-default\" data-id=\"6eef0f9b\" data-element_type=\"section\" data-settings=\"{&quot;background_background&quot;:&quot;classic&quot;}\">\n\t\t\t\t\t\t<div class=\"elementor-container elementor-column-gap-default\">\n\t\t\t\t\t<div class=\"elementor-column elementor-col-100 elementor-top-column elementor-element elementor-element-32f75457\" data-id=\"32f75457\" data-element_type=\"column\">\n\t\t\t<div class=\"elementor-widget-wrap elementor-element-populated\">\n\t\t\t\t\t\t\t\t<div class=\"elementor-element elementor-element-e5b0889 elementor-widget elementor-widget-heading\" data-id=\"e5b0889\" data-element_type=\"widget\" data-widget_type=\"heading.default\">\n\t\t\t\t<div class=\"elementor-widget-container\">\n\t\t\t<h2 class=\"elementor-heading-title elementor-size-default\">categor\u00edas <\/h2>\t\t<\/div>\n\t\t\t\t<\/div>\n\t\t\t\t\t<\/div>\n\t\t<\/div>\n\t\t\t\t\t\t\t<\/div>\n\t\t<\/section>\n\t\t\t\t<section class=\"elementor-section elementor-top-section elementor-element elementor-element-d8d42b6 elementor-section-boxed elementor-section-height-default elementor-section-height-default\" data-id=\"d8d42b6\" data-element_type=\"section\">\n\t\t\t\t\t\t<div class=\"elementor-container elementor-column-gap-default\">\n\t\t\t\t\t<div class=\"elementor-column elementor-col-33 elementor-top-column elementor-element elementor-element-bf17cee elementor-invisible\" data-id=\"bf17cee\" data-element_type=\"column\" data-settings=\"{&quot;animation&quot;:&quot;fadeInUp&quot;}\">\n\t\t\t<div class=\"elementor-widget-wrap elementor-element-populated\">\n\t\t\t\t\t\t\t\t<div class=\"elementor-element elementor-element-faaa335 elementor-widget elementor-widget-image\" data-id=\"faaa335\" data-element_type=\"widget\" data-widget_type=\"image.default\">\n\t\t\t\t<div class=\"elementor-widget-container\">\n\t\t\t\t\t\t\t\t\t\t\t\t\t\t\t\t<a href=\"http:\/\/www.todotequila.mx\/index.php\/category\/yo-tequila\/\">\n\t\t\t\t\t\t\t<img width=\"511\" height=\"511\" src=\"http:\/\/www.todotequila.mx\/wp-content\/uploads\/2021\/09\/TodoTequila_yo-tequila_img.png\" class=\"attachment-large size-large\" alt=\"\" loading=\"lazy\" srcset=\"http:\/\/www.todotequila.mx\/wp-content\/uploads\/2021\/09\/TodoTequila_yo-tequila_img.png 511w, http:\/\/www.todotequila.mx\/wp-content\/uploads\/2021\/09\/TodoTequila_yo-tequila_img-300x300.png 300w, http:\/\/www.todotequila.mx\/wp-content\/uploads\/2021\/09\/TodoTequila_yo-tequila_img-150x150.png 150w\" sizes=\"(max-width: 511px) 100vw, 511px\" \/>\t\t\t\t\t\t\t\t<\/a>\n\t\t\t\t\t\t\t\t\t\t\t\t\t\t\t<\/div>\n\t\t\t\t<\/div>\n\t\t\t\t<div class=\"elementor-element elementor-element-f08a9df elementor-widget elementor-widget-heading\" data-id=\"f08a9df\" data-element_type=\"widget\" data-widget_type=\"heading.default\">\n\t\t\t\t<div class=\"elementor-widget-container\">\n\t\t\t<p class=\"elementor-heading-title elementor-size-default\">Conocimiento de lo nuestro: Proceso, historia, tipos y clases, instituciones reguladoras (CRT- CNIT), DOT, Agave, paisaje agavero, destinos y actualidades.\n <\/p>\t\t<\/div>\n\t\t\t\t<\/div>\n\t\t\t\t<div class=\"elementor-element elementor-element-5df8563 elementor-align-center elementor-widget elementor-widget-button\" data-id=\"5df8563\" data-element_type=\"widget\" data-widget_type=\"button.default\">\n\t\t\t\t<div class=\"elementor-widget-container\">\n\t\t\t\t\t<div class=\"elementor-button-wrapper\">\n\t\t\t<a href=\"http:\/\/www.todotequila.mx\/index.php\/category\/yo-tequila\/\" class=\"elementor-button-link elementor-button elementor-size-sm\" role=\"button\">\n\t\t\t\t\t\t<span class=\"elementor-button-content-wrapper\">\n\t\t\t\t\t\t<span class=\"elementor-button-text\">ver mas<\/span>\n\t\t<\/span>\n\t\t\t\t\t<\/a>\n\t\t<\/div>\n\t\t\t\t<\/div>\n\t\t\t\t<\/div>\n\t\t\t\t\t<\/div>\n\t\t<\/div>\n\t\t\t\t<div class=\"elementor-column elementor-col-33 elementor-top-column elementor-element elementor-element-ceea56c elementor-invisible\" data-id=\"ceea56c\" data-element_type=\"column\" data-settings=\"{&quot;animation&quot;:&quot;fadeInUp&quot;,&quot;animation_delay&quot;:100}\">\n\t\t\t<div class=\"elementor-widget-wrap elementor-element-populated\">\n\t\t\t\t\t\t\t\t<div class=\"elementor-element elementor-element-7efd1c1 elementor-widget elementor-widget-image\" data-id=\"7efd1c1\" data-element_type=\"widget\" data-widget_type=\"image.default\">\n\t\t\t\t<div class=\"elementor-widget-container\">\n\t\t\t\t\t\t\t\t\t\t\t\t\t\t\t\t<a href=\"http:\/\/www.todotequila.mx\/index.php\/category\/tequila-responsable\/\">\n\t\t\t\t\t\t\t<img width=\"512\" height=\"511\" src=\"http:\/\/www.todotequila.mx\/wp-content\/uploads\/2021\/09\/TodoTequila_tequila-responsable_img.png\" class=\"attachment-large size-large\" alt=\"\" loading=\"lazy\" srcset=\"http:\/\/www.todotequila.mx\/wp-content\/uploads\/2021\/09\/TodoTequila_tequila-responsable_img.png 512w, http:\/\/www.todotequila.mx\/wp-content\/uploads\/2021\/09\/TodoTequila_tequila-responsable_img-300x300.png 300w, http:\/\/www.todotequila.mx\/wp-content\/uploads\/2021\/09\/TodoTequila_tequila-responsable_img-150x150.png 150w\" sizes=\"(max-width: 512px) 100vw, 512px\" \/>\t\t\t\t\t\t\t\t<\/a>\n\t\t\t\t\t\t\t\t\t\t\t\t\t\t\t<\/div>\n\t\t\t\t<\/div>\n\t\t\t\t<div class=\"elementor-element elementor-element-f2cb87a elementor-widget elementor-widget-heading\" data-id=\"f2cb87a\" data-element_type=\"widget\" data-widget_type=\"heading.default\">\n\t\t\t\t<div class=\"elementor-widget-container\">\n\t\t\t<p class=\"elementor-heading-title elementor-size-default\">Consumo responsable de alcohol, +18, mitos y verdades, trago est\u00e1ndar, colaboraciones con universidades, vinculaci\u00f3n con la comunidad -18, programas educativos.\n <\/p>\t\t<\/div>\n\t\t\t\t<\/div>\n\t\t\t\t<div class=\"elementor-element elementor-element-e887b56 elementor-align-center elementor-widget elementor-widget-button\" data-id=\"e887b56\" data-element_type=\"widget\" data-widget_type=\"button.default\">\n\t\t\t\t<div class=\"elementor-widget-container\">\n\t\t\t\t\t<div class=\"elementor-button-wrapper\">\n\t\t\t<a href=\"http:\/\/www.todotequila.mx\/index.php\/category\/tequila-responsable\/\" class=\"elementor-button-link elementor-button elementor-size-sm\" role=\"button\">\n\t\t\t\t\t\t<span class=\"elementor-button-content-wrapper\">\n\t\t\t\t\t\t<span class=\"elementor-button-text\">ver mas<\/span>\n\t\t<\/span>\n\t\t\t\t\t<\/a>\n\t\t<\/div>\n\t\t\t\t<\/div>\n\t\t\t\t<\/div>\n\t\t\t\t\t<\/div>\n\t\t<\/div>\n\t\t\t\t<div class=\"elementor-column elementor-col-33 elementor-top-column elementor-element elementor-element-3d5a308 elementor-invisible\" data-id=\"3d5a308\" data-element_type=\"column\" data-settings=\"{&quot;animation&quot;:&quot;fadeInUp&quot;,&quot;animation_delay&quot;:200}\">\n\t\t\t<div class=\"elementor-widget-wrap elementor-element-populated\">\n\t\t\t\t\t\t\t\t<div class=\"elementor-element elementor-element-c9e84a2 elementor-widget elementor-widget-image\" data-id=\"c9e84a2\" data-element_type=\"widget\" data-widget_type=\"image.default\">\n\t\t\t\t<div class=\"elementor-widget-container\">\n\t\t\t\t\t\t\t\t\t\t\t\t\t\t\t\t<a href=\"http:\/\/www.todotequila.mx\/index.php\/category\/bebiendo-arte\/\">\n\t\t\t\t\t\t\t<img width=\"511\" height=\"512\" src=\"http:\/\/www.todotequila.mx\/wp-content\/uploads\/2021\/09\/TodoTequila_bebiendo-arte_img.png\" class=\"attachment-large size-large\" alt=\"\" loading=\"lazy\" srcset=\"http:\/\/www.todotequila.mx\/wp-content\/uploads\/2021\/09\/TodoTequila_bebiendo-arte_img.png 511w, http:\/\/www.todotequila.mx\/wp-content\/uploads\/2021\/09\/TodoTequila_bebiendo-arte_img-300x300.png 300w, http:\/\/www.todotequila.mx\/wp-content\/uploads\/2021\/09\/TodoTequila_bebiendo-arte_img-150x150.png 150w\" sizes=\"(max-width: 511px) 100vw, 511px\" \/>\t\t\t\t\t\t\t\t<\/a>\n\t\t\t\t\t\t\t\t\t\t\t\t\t\t\t<\/div>\n\t\t\t\t<\/div>\n\t\t\t\t<div class=\"elementor-element elementor-element-faab136 elementor-widget elementor-widget-heading\" data-id=\"faab136\" data-element_type=\"widget\" data-widget_type=\"heading.default\">\n\t\t\t\t<div class=\"elementor-widget-container\">\n\t\t\t<p class=\"elementor-heading-title elementor-size-default\">Catas, maridajes, mixolog\u00eda, recetas, turismo, pintura, cultura, m\u00fasica, obras de arte, etc.\n <\/p>\t\t<\/div>\n\t\t\t\t<\/div>\n\t\t\t\t<div class=\"elementor-element elementor-element-b50b8de elementor-align-center elementor-widget elementor-widget-button\" data-id=\"b50b8de\" data-element_type=\"widget\" data-widget_type=\"button.default\">\n\t\t\t\t<div class=\"elementor-widget-container\">\n\t\t\t\t\t<div class=\"elementor-button-wrapper\">\n\t\t\t<a href=\"http:\/\/www.todotequila.mx\/index.php\/category\/bebiendo-arte\/\" class=\"elementor-button-link elementor-button elementor-size-sm\" role=\"button\">\n\t\t\t\t\t\t<span class=\"elementor-button-content-wrapper\">\n\t\t\t\t\t\t<span class=\"elementor-button-text\">ver mas<\/span>\n\t\t<\/span>\n\t\t\t\t\t<\/a>\n\t\t<\/div>\n\t\t\t\t<\/div>\n\t\t\t\t<\/div>\n\t\t\t\t\t<\/div>\n\t\t<\/div>\n\t\t\t\t\t\t\t<\/div>\n\t\t<\/section>\n\t\t\t\t<section class=\"elementor-section elementor-top-section elementor-element elementor-element-0470fdc elementor-section-boxed elementor-section-height-default elementor-section-height-default\" data-id=\"0470fdc\" data-element_type=\"section\">\n\t\t\t\t\t\t<div class=\"elementor-container elementor-column-gap-default\">\n\t\t\t\t\t<div class=\"elementor-column elementor-col-33 elementor-top-column elementor-element elementor-element-b638294 elementor-invisible\" data-id=\"b638294\" data-element_type=\"column\" data-settings=\"{&quot;animation&quot;:&quot;fadeInUp&quot;,&quot;animation_delay&quot;:300}\">\n\t\t\t<div class=\"elementor-widget-wrap elementor-element-populated\">\n\t\t\t\t\t\t\t\t<div class=\"elementor-element elementor-element-b9efc38 elementor-widget elementor-widget-image\" data-id=\"b9efc38\" data-element_type=\"widget\" data-widget_type=\"image.default\">\n\t\t\t\t<div class=\"elementor-widget-container\">\n\t\t\t\t\t\t\t\t\t\t\t\t\t\t\t\t<a href=\"http:\/\/www.todotequila.mx\/index.php\/category\/secretos-del-tequila\/\">\n\t\t\t\t\t\t\t<img width=\"512\" height=\"511\" src=\"http:\/\/www.todotequila.mx\/wp-content\/uploads\/2021\/09\/TodoTequila_secretos-tequila_img.png\" class=\"attachment-large size-large\" alt=\"\" loading=\"lazy\" srcset=\"http:\/\/www.todotequila.mx\/wp-content\/uploads\/2021\/09\/TodoTequila_secretos-tequila_img.png 512w, http:\/\/www.todotequila.mx\/wp-content\/uploads\/2021\/09\/TodoTequila_secretos-tequila_img-300x300.png 300w, http:\/\/www.todotequila.mx\/wp-content\/uploads\/2021\/09\/TodoTequila_secretos-tequila_img-150x150.png 150w\" sizes=\"(max-width: 512px) 100vw, 512px\" \/>\t\t\t\t\t\t\t\t<\/a>\n\t\t\t\t\t\t\t\t\t\t\t\t\t\t\t<\/div>\n\t\t\t\t<\/div>\n\t\t\t\t<div class=\"elementor-element elementor-element-3b8932f elementor-widget elementor-widget-heading\" data-id=\"3b8932f\" data-element_type=\"widget\" data-widget_type=\"heading.default\">\n\t\t\t\t<div class=\"elementor-widget-container\">\n\t\t\t<p class=\"elementor-heading-title elementor-size-default\">Datos curiosos, noticias, temas poco comunes referentes, mundo <br>Tequilero.\n<\/p>\t\t<\/div>\n\t\t\t\t<\/div>\n\t\t\t\t<div class=\"elementor-element elementor-element-fb71276 elementor-align-center elementor-widget elementor-widget-button\" data-id=\"fb71276\" data-element_type=\"widget\" data-widget_type=\"button.default\">\n\t\t\t\t<div class=\"elementor-widget-container\">\n\t\t\t\t\t<div class=\"elementor-button-wrapper\">\n\t\t\t<a href=\"http:\/\/www.todotequila.mx\/index.php\/category\/secretos-del-tequila\/\" class=\"elementor-button-link elementor-button elementor-size-sm\" role=\"button\">\n\t\t\t\t\t\t<span class=\"elementor-button-content-wrapper\">\n\t\t\t\t\t\t<span class=\"elementor-button-text\">ver mas<\/span>\n\t\t<\/span>\n\t\t\t\t\t<\/a>\n\t\t<\/div>\n\t\t\t\t<\/div>\n\t\t\t\t<\/div>\n\t\t\t\t\t<\/div>\n\t\t<\/div>\n\t\t\t\t<div class=\"elementor-column elementor-col-33 elementor-top-column elementor-element elementor-element-dec8135 elementor-invisible\" data-id=\"dec8135\" data-element_type=\"column\" data-settings=\"{&quot;animation&quot;:&quot;fadeInUp&quot;,&quot;animation_delay&quot;:400}\">\n\t\t\t<div class=\"elementor-widget-wrap elementor-element-populated\">\n\t\t\t\t\t\t\t\t<div class=\"elementor-element elementor-element-daf8c1c elementor-widget elementor-widget-image\" data-id=\"daf8c1c\" data-element_type=\"widget\" data-widget_type=\"image.default\">\n\t\t\t\t<div class=\"elementor-widget-container\">\n\t\t\t\t\t\t\t\t\t\t\t\t\t\t\t\t<a href=\"http:\/\/www.todotequila.mx\/index.php\/category\/tequila-sustentable\/\">\n\t\t\t\t\t\t\t<img width=\"512\" height=\"511\" src=\"http:\/\/www.todotequila.mx\/wp-content\/uploads\/2021\/09\/TodoTequila_tequila-sustentable_img-1.png\" class=\"attachment-large size-large\" alt=\"\" loading=\"lazy\" srcset=\"http:\/\/www.todotequila.mx\/wp-content\/uploads\/2021\/09\/TodoTequila_tequila-sustentable_img-1.png 512w, http:\/\/www.todotequila.mx\/wp-content\/uploads\/2021\/09\/TodoTequila_tequila-sustentable_img-1-300x300.png 300w, http:\/\/www.todotequila.mx\/wp-content\/uploads\/2021\/09\/TodoTequila_tequila-sustentable_img-1-150x150.png 150w\" sizes=\"(max-width: 512px) 100vw, 512px\" \/>\t\t\t\t\t\t\t\t<\/a>\n\t\t\t\t\t\t\t\t\t\t\t\t\t\t\t<\/div>\n\t\t\t\t<\/div>\n\t\t\t\t<div class=\"elementor-element elementor-element-03de7ba elementor-widget elementor-widget-heading\" data-id=\"03de7ba\" data-element_type=\"widget\" data-widget_type=\"heading.default\">\n\t\t\t\t<div class=\"elementor-widget-container\">\n\t\t\t<p class=\"elementor-heading-title elementor-size-default\">Pr\u00e1cticas sostenibles, comunidad, equidad de g\u00e9nero, cuidado del planeta, fechas importantes<\/p>\t\t<\/div>\n\t\t\t\t<\/div>\n\t\t\t\t<div class=\"elementor-element elementor-element-c25a959 elementor-align-center elementor-widget elementor-widget-button\" data-id=\"c25a959\" data-element_type=\"widget\" data-widget_type=\"button.default\">\n\t\t\t\t<div class=\"elementor-widget-container\">\n\t\t\t\t\t<div class=\"elementor-button-wrapper\">\n\t\t\t<a href=\"http:\/\/www.todotequila.mx\/index.php\/category\/tequila-sustentable\/\" class=\"elementor-button-link elementor-button elementor-size-sm\" role=\"button\">\n\t\t\t\t\t\t<span class=\"elementor-button-content-wrapper\">\n\t\t\t\t\t\t<span class=\"elementor-button-text\">ver mas<\/span>\n\t\t<\/span>\n\t\t\t\t\t<\/a>\n\t\t<\/div>\n\t\t\t\t<\/div>\n\t\t\t\t<\/div>\n\t\t\t\t\t<\/div>\n\t\t<\/div>\n\t\t\t\t<div class=\"elementor-column elementor-col-33 elementor-top-column elementor-element elementor-element-e73aefe\" data-id=\"e73aefe\" data-element_type=\"column\">\n\t\t\t<div class=\"elementor-widget-wrap\">\n\t\t\t\t\t\t\t\t\t<\/div>\n\t\t<\/div>\n\t\t\t\t\t\t\t<\/div>\n\t\t<\/section>\n\t\t\t\t\t\t<\/div>\n\t\t\t\t\t<\/div>\n\t\t","protected":false},"excerpt":{"rendered":"<p>categor\u00edas Conocimiento de lo nuestro: Proceso, historia, tipos y clases, instituciones reguladoras (CRT- CNIT), DOT, Agave, paisaje agavero, destinos y actualidades. ver mas Consumo responsable de alcohol, +18, mitos y verdades, trago est\u00e1ndar, colaboraciones con universidades, vinculaci\u00f3n con la comunidad -18, programas educativos. ver mas Catas, maridajes, mixolog\u00eda, recetas, turismo, pintura, cultura, m\u00fasica, obras de [&hellip;]<\/p>\n","protected":false},"author":1,"featured_media":0,"parent":0,"menu_order":0,"comment_status":"closed","ping_status":"closed","template":"","meta":[],"_links":{"self":[{"href":"http:\/\/www.todotequila.mx\/index.php\/wp-json\/wp\/v2\/pages\/103"}],"collection":[{"href":"http:\/\/www.todotequila.mx\/index.php\/wp-json\/wp\/v2\/pages"}],"about":[{"href":"http:\/\/www.todotequila.mx\/index.php\/wp-json\/wp\/v2\/types\/page"}],"author":[{"embeddable":true,"href":"http:\/\/www.todotequila.mx\/index.php\/wp-json\/wp\/v2\/users\/1"}],"replies":[{"embeddable":true,"href":"http:\/\/www.todotequila.mx\/index.php\/wp-json\/wp\/v2\/comments?post=103"}],"version-history":[{"count":52,"href":"http:\/\/www.todotequila.mx\/index.php\/wp-json\/wp\/v2\/pages\/103\/revisions"}],"predecessor-version":[{"id":338,"href":"http:\/\/www.todotequila.mx\/index.php\/wp-json\/wp\/v2\/pages\/103\/revisions\/338"}],"wp:attachment":[{"href":"http:\/\/www.todotequila.mx\/index.php\/wp-json\/wp\/v2\/media?parent=103"}],"curies":[{"name":"wp","href":"https:\/\/api.w.org\/{rel}","templated":true}]}}