{"id":101,"date":"2021-09-22T15:45:48","date_gmt":"2021-09-22T15:45:48","guid":{"rendered":"http:\/\/www.todotequila.mx\/?page_id=101"},"modified":"2021-12-10T18:09:10","modified_gmt":"2021-12-10T18:09:10","slug":"acerca-de-mi","status":"publish","type":"page","link":"http:\/\/www.todotequila.mx\/index.php\/acerca-de-mi\/","title":{"rendered":"acerca de mi"},"content":{"rendered":"\t\t<div data-elementor-type=\"wp-page\" data-elementor-id=\"101\" class=\"elementor elementor-101\" data-elementor-settings=\"[]\">\n\t\t\t\t\t\t\t<div class=\"elementor-section-wrap\">\n\t\t\t\t\t\t\t<section class=\"elementor-section elementor-top-section elementor-element elementor-element-faee6a3 elementor-section-content-middle elementor-section-boxed elementor-section-height-default elementor-section-height-default\" data-id=\"faee6a3\" data-element_type=\"section\" data-settings=\"{&quot;background_background&quot;:&quot;classic&quot;}\">\n\t\t\t\t\t\t<div class=\"elementor-container elementor-column-gap-default\">\n\t\t\t\t\t<div class=\"elementor-column elementor-col-50 elementor-top-column elementor-element elementor-element-bf399cc\" data-id=\"bf399cc\" data-element_type=\"column\">\n\t\t\t<div class=\"elementor-widget-wrap elementor-element-populated\">\n\t\t\t\t\t\t\t\t<div class=\"elementor-element elementor-element-d6445d8 elementor-widget elementor-widget-image\" data-id=\"d6445d8\" data-element_type=\"widget\" data-widget_type=\"image.default\">\n\t\t\t\t<div class=\"elementor-widget-container\">\n\t\t\t\t\t\t\t\t\t\t\t\t\t\t\t<img width=\"800\" height=\"800\" src=\"http:\/\/www.todotequila.mx\/wp-content\/uploads\/2021\/09\/foto-raquel-blog-01.jpg\" class=\"attachment-large size-large\" alt=\"\" loading=\"lazy\" srcset=\"http:\/\/www.todotequila.mx\/wp-content\/uploads\/2021\/09\/foto-raquel-blog-01.jpg 1024w, http:\/\/www.todotequila.mx\/wp-content\/uploads\/2021\/09\/foto-raquel-blog-01-300x300.jpg 300w, http:\/\/www.todotequila.mx\/wp-content\/uploads\/2021\/09\/foto-raquel-blog-01-150x150.jpg 150w, http:\/\/www.todotequila.mx\/wp-content\/uploads\/2021\/09\/foto-raquel-blog-01-768x768.jpg 768w\" sizes=\"(max-width: 800px) 100vw, 800px\" \/>\t\t\t\t\t\t\t\t\t\t\t\t\t\t\t<\/div>\n\t\t\t\t<\/div>\n\t\t\t\t\t<\/div>\n\t\t<\/div>\n\t\t\t\t<div class=\"elementor-column elementor-col-50 elementor-top-column elementor-element elementor-element-cddac47\" data-id=\"cddac47\" data-element_type=\"column\">\n\t\t\t<div class=\"elementor-widget-wrap elementor-element-populated\">\n\t\t\t\t\t\t\t\t<div class=\"elementor-element elementor-element-b5a6e35 elementor-widget elementor-widget-image\" data-id=\"b5a6e35\" data-element_type=\"widget\" data-widget_type=\"image.default\">\n\t\t\t\t<div class=\"elementor-widget-container\">\n\t\t\t\t\t\t\t\t\t\t\t\t\t\t\t<img src=\"http:\/\/www.todotequila.mx\/wp-content\/uploads\/2021\/09\/TodoTequila_Raquel_firma-blanco.png\" title=\"TodoTequila_Raquel_firma-blanco\" alt=\"TodoTequila_Raquel_firma-blanco\" \/>\t\t\t\t\t\t\t\t\t\t\t\t\t\t\t<\/div>\n\t\t\t\t<\/div>\n\t\t\t\t<div class=\"elementor-element elementor-element-743e60b elementor-widget elementor-widget-heading\" data-id=\"743e60b\" data-element_type=\"widget\" data-widget_type=\"heading.default\">\n\t\t\t\t<div class=\"elementor-widget-container\">\n\t\t\t<p class=\"elementor-heading-title elementor-size-default\">Soy <b>Raquel Ruvalcaba<\/b>, Orgullosamente\nJalisciense, Tapat\u00eda, Dise\u00f1adora y Maestra\nTequilera. <br><br>\nEn casa siempre hubo Tequila y Vino, mi\nMam\u00e1 ten\u00eda por costumbre acompa\u00f1ar con\nvino la comida y mi Pap\u00e1 se tomaba los fines\nde semana su \u201cTequilita\u201d despu\u00e9s de comer<\/p>\t\t<\/div>\n\t\t\t\t<\/div>\n\t\t\t\t\t<\/div>\n\t\t<\/div>\n\t\t\t\t\t\t\t<\/div>\n\t\t<\/section>\n\t\t\t\t<section class=\"elementor-section elementor-top-section elementor-element elementor-element-feb0760 elementor-section-content-middle elementor-section-boxed elementor-section-height-default elementor-section-height-default\" data-id=\"feb0760\" data-element_type=\"section\">\n\t\t\t\t\t\t<div class=\"elementor-container elementor-column-gap-default\">\n\t\t\t\t\t<div class=\"elementor-column elementor-col-50 elementor-top-column elementor-element elementor-element-679b65f\" data-id=\"679b65f\" data-element_type=\"column\">\n\t\t\t<div class=\"elementor-widget-wrap elementor-element-populated\">\n\t\t\t\t\t\t\t\t<div class=\"elementor-element elementor-element-f3c8f8e elementor-widget elementor-widget-heading\" data-id=\"f3c8f8e\" data-element_type=\"widget\" data-widget_type=\"heading.default\">\n\t\t\t\t<div class=\"elementor-widget-container\">\n\t\t\t<p class=\"elementor-heading-title elementor-size-default\">Mis hermanos y yo crecimos entendiendo\nde manera \u201cnatural\u201d\n, pero responsable, la\npresencia del alcohol en la mesa. As\u00ed, me\nnaci\u00f3 la afici\u00f3n por saber m\u00e1s de las\nbebidas alcoh\u00f3licas, con qu\u00e9 se\ncombinaban bien y con que tipo de\ncomidas se llevaban. Cuando cumpl\u00ed 18 me\ndispuse a buscar trabajo y fue entonces que\nencontr\u00e9 un atractivo anuncio que le\u00eda:\n\u201cEmpresa l\u00edder Tequilera est\u00e1 reclutando\nvendedoras, no se requiere experiencia,\nnosotros capacitamos\u201d<br>\n\u00a1\u00bfCursos de capacitaci\u00f3n sobre Tequila?! \u00a1Yo\nquiero trabajar ah\u00ed y aprender <b>Todo <\/b>sobre el\n<b>Tequila<\/b>!\n<\/p>\t\t<\/div>\n\t\t\t\t<\/div>\n\t\t\t\t\t<\/div>\n\t\t<\/div>\n\t\t\t\t<div class=\"elementor-column elementor-col-50 elementor-top-column elementor-element elementor-element-14faee2\" data-id=\"14faee2\" data-element_type=\"column\">\n\t\t\t<div class=\"elementor-widget-wrap elementor-element-populated\">\n\t\t\t\t\t\t\t\t<div class=\"elementor-element elementor-element-d61ce34 elementor-widget elementor-widget-image\" data-id=\"d61ce34\" data-element_type=\"widget\" data-widget_type=\"image.default\">\n\t\t\t\t<div class=\"elementor-widget-container\">\n\t\t\t\t\t\t\t\t\t\t\t\t\t\t\t<img width=\"673\" height=\"800\" src=\"http:\/\/www.todotequila.mx\/wp-content\/uploads\/2021\/09\/TodoTequila_acerca_img@2x-min.jpg\" class=\"attachment-large size-large\" alt=\"\" loading=\"lazy\" srcset=\"http:\/\/www.todotequila.mx\/wp-content\/uploads\/2021\/09\/TodoTequila_acerca_img@2x-min.jpg 673w, http:\/\/www.todotequila.mx\/wp-content\/uploads\/2021\/09\/TodoTequila_acerca_img@2x-min-252x300.jpg 252w\" sizes=\"(max-width: 673px) 100vw, 673px\" \/>\t\t\t\t\t\t\t\t\t\t\t\t\t\t\t<\/div>\n\t\t\t\t<\/div>\n\t\t\t\t\t<\/div>\n\t\t<\/div>\n\t\t\t\t\t\t\t<\/div>\n\t\t<\/section>\n\t\t\t\t<section class=\"elementor-section elementor-top-section elementor-element elementor-element-e66392e elementor-section-boxed elementor-section-height-default elementor-section-height-default\" data-id=\"e66392e\" data-element_type=\"section\" data-settings=\"{&quot;background_background&quot;:&quot;classic&quot;}\">\n\t\t\t\t\t\t<div class=\"elementor-container elementor-column-gap-default\">\n\t\t\t\t\t<div class=\"elementor-column elementor-col-100 elementor-top-column elementor-element elementor-element-a34c978\" data-id=\"a34c978\" data-element_type=\"column\">\n\t\t\t<div class=\"elementor-widget-wrap elementor-element-populated\">\n\t\t\t\t\t\t\t\t<div class=\"elementor-element elementor-element-22ab4af elementor-widget elementor-widget-heading\" data-id=\"22ab4af\" data-element_type=\"widget\" data-widget_type=\"heading.default\">\n\t\t\t\t<div class=\"elementor-widget-container\">\n\t\t\t<p class=\"elementor-heading-title elementor-size-default\">As\u00ed, comenc\u00e9 jugando mi aventura y eterno noviazgo con la bebida nacional que nos representa ante el\nmundo entero, <b>El Tequila<\/b>.<br>\nEn poco tiempo empec\u00e9 mi preparaci\u00f3n y entrenamiento c\u00f3mo evaluadora sensorial, Juez de cata y\nMaestra Tequilera \u00a1Me he preparado en todas las instituciones relacionadas con el Tequila y m\u00e1s!\nActualmente estoy al frente del \u00e1rea de Relaciones P\u00fablicas y Responsabilidad social en <b>Casa San Mat\u00edas<\/b> y tambi\u00e9n colaboro como juez de cata en el panel de evaluaci\u00f3n sensorial<\/p>\t\t<\/div>\n\t\t\t\t<\/div>\n\t\t\t\t\t<\/div>\n\t\t<\/div>\n\t\t\t\t\t\t\t<\/div>\n\t\t<\/section>\n\t\t\t\t<section class=\"elementor-section elementor-top-section elementor-element elementor-element-563c013 elementor-section-content-middle elementor-section-boxed elementor-section-height-default elementor-section-height-default\" data-id=\"563c013\" data-element_type=\"section\">\n\t\t\t\t\t\t<div class=\"elementor-container elementor-column-gap-default\">\n\t\t\t\t\t<div class=\"elementor-column elementor-col-50 elementor-top-column elementor-element elementor-element-c0a73a9\" data-id=\"c0a73a9\" data-element_type=\"column\">\n\t\t\t<div class=\"elementor-widget-wrap elementor-element-populated\">\n\t\t\t\t\t\t\t\t<div class=\"elementor-element elementor-element-10c84e9 elementor-widget elementor-widget-image\" data-id=\"10c84e9\" data-element_type=\"widget\" data-widget_type=\"image.default\">\n\t\t\t\t<div class=\"elementor-widget-container\">\n\t\t\t\t\t\t\t\t\t\t\t\t\t\t\t<img width=\"673\" height=\"800\" src=\"http:\/\/www.todotequila.mx\/wp-content\/uploads\/2021\/09\/TodoTequila_acerca_img-02@2x-min.jpg\" class=\"attachment-large size-large\" alt=\"\" loading=\"lazy\" srcset=\"http:\/\/www.todotequila.mx\/wp-content\/uploads\/2021\/09\/TodoTequila_acerca_img-02@2x-min.jpg 673w, http:\/\/www.todotequila.mx\/wp-content\/uploads\/2021\/09\/TodoTequila_acerca_img-02@2x-min-252x300.jpg 252w\" sizes=\"(max-width: 673px) 100vw, 673px\" \/>\t\t\t\t\t\t\t\t\t\t\t\t\t\t\t<\/div>\n\t\t\t\t<\/div>\n\t\t\t\t\t<\/div>\n\t\t<\/div>\n\t\t\t\t<div class=\"elementor-column elementor-col-50 elementor-top-column elementor-element elementor-element-148df94\" data-id=\"148df94\" data-element_type=\"column\">\n\t\t\t<div class=\"elementor-widget-wrap elementor-element-populated\">\n\t\t\t\t\t\t\t\t<div class=\"elementor-element elementor-element-9cfdefb elementor-widget elementor-widget-heading\" data-id=\"9cfdefb\" data-element_type=\"widget\" data-widget_type=\"heading.default\">\n\t\t\t\t<div class=\"elementor-widget-container\">\n\t\t\t<p class=\"elementor-heading-title elementor-size-default\">Mi inter\u00e9s al crear este blog es compartir,\nque sea un espacio para ti y para m\u00ed. Que\nsea inspirador, interesante, creativo,\ndivertido, ilustrativo, pero sobre todo\u2026\n\u00a1Libre! Porqu\u00e9 en Todo Tequila vamos a\nhablar de amor, ciencia, diversi\u00f3n, comida,\nmezclas, arte, m\u00fasica, jardiner\u00eda, otros\nplanetas, la vida\u2026 y su conexi\u00f3n con el\nTequila. <br>\nEl Universo, el infinito, el, \u201ccon todo\ncombina\u201d para mi tiene un nombre\u2026<br>\n<b>TEQUILA.<\/b>\n<\/p>\t\t<\/div>\n\t\t\t\t<\/div>\n\t\t\t\t\t<\/div>\n\t\t<\/div>\n\t\t\t\t\t\t\t<\/div>\n\t\t<\/section>\n\t\t\t\t<section class=\"elementor-section elementor-top-section elementor-element elementor-element-527a4fc elementor-section-boxed elementor-section-height-default elementor-section-height-default\" data-id=\"527a4fc\" data-element_type=\"section\">\n\t\t\t\t\t\t<div class=\"elementor-container elementor-column-gap-default\">\n\t\t\t\t\t<div class=\"elementor-column elementor-col-100 elementor-top-column elementor-element elementor-element-39a28aa\" data-id=\"39a28aa\" data-element_type=\"column\">\n\t\t\t<div class=\"elementor-widget-wrap elementor-element-populated\">\n\t\t\t\t\t\t\t\t<div class=\"elementor-element elementor-element-04f4680 elementor-widget elementor-widget-heading\" data-id=\"04f4680\" data-element_type=\"widget\" data-widget_type=\"heading.default\">\n\t\t\t\t<div class=\"elementor-widget-container\">\n\t\t\t<h4 class=\"elementor-heading-title elementor-size-default\">Queremos saber tus comentarios\n<\/h4>\t\t<\/div>\n\t\t\t\t<\/div>\n\t\t\t\t<div class=\"elementor-element elementor-element-6967232 elementor-button-align-start elementor-widget elementor-widget-form\" data-id=\"6967232\" data-element_type=\"widget\" data-settings=\"{&quot;step_next_label&quot;:&quot;Next&quot;,&quot;step_previous_label&quot;:&quot;Previous&quot;,&quot;button_width&quot;:&quot;100&quot;,&quot;step_type&quot;:&quot;number_text&quot;,&quot;step_icon_shape&quot;:&quot;circle&quot;}\" data-widget_type=\"form.default\">\n\t\t\t\t<div class=\"elementor-widget-container\">\n\t\t\t\t\t<form class=\"elementor-form\" method=\"post\" name=\"New Form\">\n\t\t\t<input type=\"hidden\" name=\"post_id\" value=\"101\"\/>\n\t\t\t<input type=\"hidden\" name=\"form_id\" value=\"6967232\"\/>\n\t\t\t<input type=\"hidden\" name=\"referer_title\" value=\"\" \/>\n\n\t\t\t\n\t\t\t<div class=\"elementor-form-fields-wrapper elementor-labels-\">\n\t\t\t\t\t\t\t\t<div class=\"elementor-field-type-text elementor-field-group elementor-column elementor-field-group-name elementor-col-33\">\n\t\t\t\t\t<label for=\"form-field-name\" class=\"elementor-field-label elementor-screen-only\">Nombre<\/label><input size=\"1\" type=\"text\" name=\"form_fields[name]\" id=\"form-field-name\" class=\"elementor-field elementor-size-sm  elementor-field-textual\" placeholder=\"Nombre\">\t\t\t\t<\/div>\n\t\t\t\t\t\t\t\t<div class=\"elementor-field-type-email elementor-field-group elementor-column elementor-field-group-email elementor-col-33 elementor-field-required\">\n\t\t\t\t\t<label for=\"form-field-email\" class=\"elementor-field-label elementor-screen-only\">Email<\/label><input size=\"1\" type=\"email\" name=\"form_fields[email]\" id=\"form-field-email\" class=\"elementor-field elementor-size-sm  elementor-field-textual\" placeholder=\"Email\" required=\"required\" aria-required=\"true\">\t\t\t\t<\/div>\n\t\t\t\t\t\t\t\t<div class=\"elementor-field-type-text elementor-field-group elementor-column elementor-field-group-field_795e6df elementor-col-33\">\n\t\t\t\t\t<label for=\"form-field-field_795e6df\" class=\"elementor-field-label elementor-screen-only\">Sitio web<\/label><input size=\"1\" type=\"text\" name=\"form_fields[field_795e6df]\" id=\"form-field-field_795e6df\" class=\"elementor-field elementor-size-sm  elementor-field-textual\" placeholder=\"Sitio web\">\t\t\t\t<\/div>\n\t\t\t\t\t\t\t\t<div class=\"elementor-field-type-textarea elementor-field-group elementor-column elementor-field-group-message elementor-col-100\">\n\t\t\t\t\t<label for=\"form-field-message\" class=\"elementor-field-label elementor-screen-only\">Comentario<\/label><textarea class=\"elementor-field-textual elementor-field  elementor-size-sm\" name=\"form_fields[message]\" id=\"form-field-message\" rows=\"4\" placeholder=\"Comentario\"><\/textarea>\t\t\t\t<\/div>\n\t\t\t\t\t\t\t\t<div class=\"elementor-field-group elementor-column elementor-field-type-submit elementor-col-100 e-form__buttons\">\n\t\t\t\t\t<button type=\"submit\" class=\"elementor-button elementor-size-sm\">\n\t\t\t\t\t\t<span >\n\t\t\t\t\t\t\t\t\t\t\t\t\t\t\t<span class=\" elementor-button-icon\">\n\t\t\t\t\t\t\t\t\t\t\t\t\t\t\t\t\t\t\t\t\t\t\t\t\t\t<\/span>\n\t\t\t\t\t\t\t\t\t\t\t\t\t\t\t\t\t\t\t\t\t\t<span class=\"elementor-button-text\">Enviar<\/span>\n\t\t\t\t\t\t\t\t\t\t\t\t\t<\/span>\n\t\t\t\t\t<\/button>\n\t\t\t\t<\/div>\n\t\t\t<\/div>\n\t\t<\/form>\n\t\t\t\t<\/div>\n\t\t\t\t<\/div>\n\t\t\t\t\t<\/div>\n\t\t<\/div>\n\t\t\t\t\t\t\t<\/div>\n\t\t<\/section>\n\t\t\t\t\t\t<\/div>\n\t\t\t\t\t<\/div>\n\t\t","protected":false},"excerpt":{"rendered":"<p>Soy Raquel Ruvalcaba, Orgullosamente Jalisciense, Tapat\u00eda, Dise\u00f1adora y Maestra Tequilera. En casa siempre hubo Tequila y Vino, mi Mam\u00e1 ten\u00eda por costumbre acompa\u00f1ar con vino la comida y mi Pap\u00e1 se tomaba los fines de semana su \u201cTequilita\u201d despu\u00e9s de comer Mis hermanos y yo crecimos entendiendo de manera \u201cnatural\u201d , pero responsable, la presencia [&hellip;]<\/p>\n","protected":false},"author":1,"featured_media":0,"parent":0,"menu_order":0,"comment_status":"closed","ping_status":"closed","template":"elementor_header_footer","meta":[],"_links":{"self":[{"href":"http:\/\/www.todotequila.mx\/index.php\/wp-json\/wp\/v2\/pages\/101"}],"collection":[{"href":"http:\/\/www.todotequila.mx\/index.php\/wp-json\/wp\/v2\/pages"}],"about":[{"href":"http:\/\/www.todotequila.mx\/index.php\/wp-json\/wp\/v2\/types\/page"}],"author":[{"embeddable":true,"href":"http:\/\/www.todotequila.mx\/index.php\/wp-json\/wp\/v2\/users\/1"}],"replies":[{"embeddable":true,"href":"http:\/\/www.todotequila.mx\/index.php\/wp-json\/wp\/v2\/comments?post=101"}],"version-history":[{"count":16,"href":"http:\/\/www.todotequila.mx\/index.php\/wp-json\/wp\/v2\/pages\/101\/revisions"}],"predecessor-version":[{"id":433,"href":"http:\/\/www.todotequila.mx\/index.php\/wp-json\/wp\/v2\/pages\/101\/revisions\/433"}],"wp:attachment":[{"href":"http:\/\/www.todotequila.mx\/index.php\/wp-json\/wp\/v2\/media?parent=101"}],"curies":[{"name":"wp","href":"https:\/\/api.w.org\/{rel}","templated":true}]}}